{"id":14,"date":"2026-03-24T19:39:21","date_gmt":"2026-03-24T19:39:21","guid":{"rendered":"https:\/\/prcmulchen.cl\/?page_id=14"},"modified":"2026-03-25T16:27:58","modified_gmt":"2026-03-25T16:27:58","slug":"inicio","status":"publish","type":"page","link":"https:\/\/prcmulchen.cl\/","title":{"rendered":"Inicio"},"content":{"rendered":"\n<div class=\"wp-block-cover alignfull has-medium-font-size\" style=\"border-style:none;border-width:0px;min-height:500px;aspect-ratio:unset;\"><span aria-hidden=\"true\" class=\"wp-block-cover__background has-background-dim-100 has-background-dim has-background-gradient\" style=\"background:linear-gradient(135deg,rgb(7,114,227) 0%,rgb(81,224,180) 100%)\"><\/span><div class=\"wp-block-cover__inner-container is-layout-flow wp-block-cover-is-layout-flow\">\n<div class=\"inherit-container-width wp-block-group alignwide is-layout-constrained wp-block-group-is-layout-constrained\">\n<div class=\"wp-block-media-text has-media-on-the-right is-stacked-on-mobile is-vertically-aligned-bottom alignwide\" style=\"grid-template-columns:auto 48%\"><div class=\"wp-block-media-text__content\">\n<h2 class=\"wp-block-heading has-text-align-left has-white-color has-text-color\">Plan regulador comunal de Mulch\u00e9n<\/h2>\n\n\n\n<p class=\"has-white-color has-text-color\">Informaci\u00f3n sobre el proceso de Actualizaci\u00f3n del Plan Regulador Comunal de Mulch\u00e9n<\/p>\n<\/div><figure class=\"wp-block-media-text__media\"><img loading=\"lazy\" decoding=\"async\" width=\"1000\" height=\"595\" src=\"https:\/\/prcmulchen.cl\/wp-content\/uploads\/2026\/03\/Diseno-sin-titulo-1-e1774384314274.png\" alt=\"\" class=\"wp-image-36 size-full\" srcset=\"https:\/\/prcmulchen.cl\/wp-content\/uploads\/2026\/03\/Diseno-sin-titulo-1-e1774384314274.png 1000w, https:\/\/prcmulchen.cl\/wp-content\/uploads\/2026\/03\/Diseno-sin-titulo-1-e1774384314274-300x179.png 300w, https:\/\/prcmulchen.cl\/wp-content\/uploads\/2026\/03\/Diseno-sin-titulo-1-e1774384314274-768x457.png 768w\" sizes=\"auto, (max-width: 1000px) 100vw, 1000px\" \/><\/figure><\/div>\n<\/div>\n<\/div><\/div>\n\n\n\n<div class=\"wp-block-group alignfull has-ast-global-color-5-background-color has-background is-layout-constrained wp-block-group-is-layout-constrained\" style=\"padding-bottom:0px\">\n<h2 class=\"wp-block-heading screen-reader-text\">What We Offer<\/h2>\n\n\n\n<h2 class=\"wp-block-heading has-text-align-center\">Accede a<\/h2>\n\n\n\n<div class=\"wp-block-columns are-vertically-aligned-top is-layout-flex wp-container-core-columns-is-layout-00723822 wp-block-columns-is-layout-flex\">\n<div class=\"wp-block-column is-vertically-aligned-top is-layout-flow wp-container-core-column-is-layout-6b73ce23 wp-block-column-is-layout-flow\">\n<figure class=\"wp-block-image size-full is-resized\"><img loading=\"lazy\" decoding=\"async\" width=\"1000\" height=\"1000\" src=\"https:\/\/prcmulchen.cl\/wp-content\/uploads\/2026\/03\/3.png\" alt=\"\" class=\"wp-image-39\" style=\"width:113px;height:auto\" srcset=\"https:\/\/prcmulchen.cl\/wp-content\/uploads\/2026\/03\/3.png 1000w, https:\/\/prcmulchen.cl\/wp-content\/uploads\/2026\/03\/3-300x300.png 300w, https:\/\/prcmulchen.cl\/wp-content\/uploads\/2026\/03\/3-150x150.png 150w, https:\/\/prcmulchen.cl\/wp-content\/uploads\/2026\/03\/3-768x768.png 768w\" sizes=\"auto, (max-width: 1000px) 100vw, 1000px\" \/><\/figure>\n\n\n\n<h3 class=\"wp-block-heading has-text-align-left\" style=\"margin-top:16px\">\u00bfQu\u00e9 es un Plan Regulador Comunal?<\/h3>\n\n\n\n<p class=\"has-text-align-left\">Es un instrumento de planificaci\u00f3n territorial que regula el \u00e1rea urbana de una comuna. <\/p>\n<\/div>\n\n\n\n<div class=\"wp-block-column is-vertically-aligned-top is-layout-flow wp-container-core-column-is-layout-6b73ce23 wp-block-column-is-layout-flow\">\n<figure class=\"wp-block-image size-full is-resized\"><img loading=\"lazy\" decoding=\"async\" width=\"1000\" height=\"1000\" src=\"https:\/\/prcmulchen.cl\/wp-content\/uploads\/2026\/03\/5.png\" alt=\"\" class=\"wp-image-41\" style=\"width:113px;height:auto\" srcset=\"https:\/\/prcmulchen.cl\/wp-content\/uploads\/2026\/03\/5.png 1000w, https:\/\/prcmulchen.cl\/wp-content\/uploads\/2026\/03\/5-300x300.png 300w, https:\/\/prcmulchen.cl\/wp-content\/uploads\/2026\/03\/5-150x150.png 150w, https:\/\/prcmulchen.cl\/wp-content\/uploads\/2026\/03\/5-768x768.png 768w\" sizes=\"auto, (max-width: 1000px) 100vw, 1000px\" \/><\/figure>\n\n\n\n<h3 class=\"wp-block-heading has-text-align-left\" style=\"margin-top:16px\">Participaci\u00f3n Ciuidadana<\/h3>\n\n\n\n<p class=\"has-text-align-left\">Convocatorias y resultados de las reuniones y talleres de participaci\u00f3n ciudadana.<\/p>\n<\/div>\n\n\n\n<div class=\"wp-block-column is-vertically-aligned-top is-layout-flow wp-container-core-column-is-layout-6b73ce23 wp-block-column-is-layout-flow\">\n<figure class=\"wp-block-image size-full is-resized\"><img loading=\"lazy\" decoding=\"async\" width=\"1000\" height=\"1000\" src=\"https:\/\/prcmulchen.cl\/wp-content\/uploads\/2026\/03\/4.png\" alt=\"\" class=\"wp-image-40\" style=\"width:110px;height:auto\" srcset=\"https:\/\/prcmulchen.cl\/wp-content\/uploads\/2026\/03\/4.png 1000w, https:\/\/prcmulchen.cl\/wp-content\/uploads\/2026\/03\/4-300x300.png 300w, https:\/\/prcmulchen.cl\/wp-content\/uploads\/2026\/03\/4-150x150.png 150w, https:\/\/prcmulchen.cl\/wp-content\/uploads\/2026\/03\/4-768x768.png 768w\" sizes=\"auto, (max-width: 1000px) 100vw, 1000px\" \/><\/figure>\n\n\n\n<h3 class=\"wp-block-heading has-text-align-left\" style=\"margin-top:16px\">Evaluaci\u00f3n Ambiental Estrat\u00e9gica<\/h3>\n\n\n\n<p class=\"has-text-align-left\">Procedimiento que incluye, de manera temprana, principios de sustentabilidad ambiental, social y econ\u00f3mica en el dise\u00f1o del Plan<\/p>\n<\/div>\n<\/div>\n\n\n\n<h2 class=\"wp-block-heading has-text-align-center\">Actividades<\/h2>\n\n\n\n\t\t\t<div class=\"wp-block-uagb-post-carousel uagb-post-grid  uagb-post__image-position-top uagb-post__image-enabled uagb-block-abd4cb59     uagb-post__arrow-outside uagb-post__items uagb-post__columns-1 is-carousel uagb-post__columns-tablet-2 uagb-post__columns-mobile-1\" data-total=\"1\" style=\"\">\n\n\t\t\t\t\t\t\t\t\t\t\t\t<article class=\"uagb-post__inner-wrap\">\t\t\t\t\t\t\t\t<div class='uagb-post__image'>\n\t\t\t\t\t\t\t\t\t<a href=\"https:\/\/prcmulchen.cl\/?p=58\" target=\"_self\" rel=\"bookmark noopener noreferrer\"><img loading=\"lazy\" decoding=\"async\" width=\"1024\" height=\"576\" src=\"https:\/\/prcmulchen.cl\/wp-content\/uploads\/2026\/03\/WhatsApp-Image-2026-03-25-at-12.56.49-1024x576.jpeg\" class=\"attachment-large size-large\" alt=\"\" srcset=\"https:\/\/prcmulchen.cl\/wp-content\/uploads\/2026\/03\/WhatsApp-Image-2026-03-25-at-12.56.49-1024x576.jpeg 1024w, https:\/\/prcmulchen.cl\/wp-content\/uploads\/2026\/03\/WhatsApp-Image-2026-03-25-at-12.56.49-300x169.jpeg 300w, https:\/\/prcmulchen.cl\/wp-content\/uploads\/2026\/03\/WhatsApp-Image-2026-03-25-at-12.56.49-768x432.jpeg 768w, https:\/\/prcmulchen.cl\/wp-content\/uploads\/2026\/03\/WhatsApp-Image-2026-03-25-at-12.56.49-1536x864.jpeg 1536w, https:\/\/prcmulchen.cl\/wp-content\/uploads\/2026\/03\/WhatsApp-Image-2026-03-25-at-12.56.49.jpeg 1600w\" sizes=\"auto, (max-width: 1024px) 100vw, 1024px\" \/>\t\t\t\t\t<\/a>\n\t\t\t\t\t\t\t\t\t<\/div>\n\t\t\t\t\t\t<h4 class=\"uagb-post__title uagb-post__text\">\n\t\t\t\t<a href=\"https:\/\/prcmulchen.cl\/?p=58\" target=\"_self\" rel=\"bookmark noopener noreferrer\">Escuela de Planificaci\u00f3n<\/a>\n\t\t\t<\/h4>\n\t\t\t\t\t\t<div class='uagb-post__text uagb-post-grid-byline'>\n\t\t\t\t\t\t\t\t<time datetime=\"2026-03-25T15:59:34+00:00\" class=\"uagb-post__date\">\n\t\t\t\t<span class=\"dashicons-calendar dashicons\"><\/span>\t\t\t\t\tmarzo 25, 2026\t\t\t\t<\/time>\n\t\t\t\t\t\t\t<span class=\"uagb-post__comment\">\n\t\t\t\t<span class=\"dashicons-admin-comments dashicons\"><\/span>\t\t\t\t\tNo hay comentarios\t\t\t\t<\/span>\n\t\t\t\t\t\t<\/div>\n\t\t\t\t\t\t\t<div class='uagb-post__text uagb-post__excerpt'>\n\t\t\t\t\t<p>Con la participaci\u00f3n de diversos representantes de la sociedad de la ciudad de Mulch\u00e9n, se&#8230;\t\t\t\t<\/div>\n\t\t\t\t\t\t<div class=\"uagb-post__text uagb-post__cta wp-block-button\">\n\t\t\t\t<a class=\"wp-block-button__link uagb-text-link\" style=\"\" href=\"https:\/\/prcmulchen.cl\/?p=58\" target=\"_self\" rel=\"bookmark noopener noreferrer\">Leer m\u00e1s<\/a>\n\t\t\t<\/div>\n\t\t\t\n\t\t\t\t\t\t\t\t\t<\/article>\n\t\t\t\t\t\t\t\t\t\t\t<\/div>\n\t\t\t<\/div>\n\n\n\n<div class=\"wp-block-group is-content-justification-center is-layout-constrained wp-container-core-group-is-layout-d47902fe wp-block-group-is-layout-constrained\">\n<h2 class=\"wp-block-heading has-text-align-center has-large-font-size\">Contacto<\/h2>\n\n\n\n<div class=\"wp-block-uagb-forms uagb-forms__outer-wrap uagb-block-11d3573a uagb-forms__medium-btn\"><form class=\"uagb-forms-main-form\" method=\"post\" autocomplete=\"on\" name=\"uagb-form-11d3573a\">\n<div class=\"wp-block-uagb-forms-name uagb-forms-name-wrap uagb-forms-field-set uagb-block-4fd605ba\"><div class=\"uagb-forms-name-label required uagb-forms-input-label\" id=\"4fd605ba\">Nombre<\/div><input type=\"text\" placeholder=\"John\" required class=\"uagb-forms-name-input uagb-forms-input\" name=\"4fd605ba\" autocomplete=\"given-name\"\/><\/div>\n\n\n\n<div class=\"wp-block-uagb-forms-name uagb-forms-name-wrap uagb-forms-field-set uagb-block-521a1a87\"><div class=\"uagb-forms-name-label required uagb-forms-input-label\" id=\"521a1a87\">Apellido<\/div><input type=\"text\" placeholder=\"Doe\" required class=\"uagb-forms-name-input uagb-forms-input\" name=\"521a1a87\" autocomplete=\"family-name\"\/><\/div>\n\n\n\n<div class=\"wp-block-uagb-forms-email uagb-forms-email-wrap uagb-forms-field-set uagb-block-7c862bb4\"><div class=\"uagb-forms-email-label  uagb-forms-input-label\" id=\"7c862bb4\">Correo<\/div><input type=\"email\" class=\"uagb-forms-email-input uagb-forms-input\" placeholder=\"example@mail.com\" name=\"7c862bb4\" autocomplete=\"email\"\/><\/div>\n\n\n\n<div class=\"wp-block-uagb-forms-textarea uagb-forms-textarea-wrap uagb-forms-field-set uagb-block-5892c0fc\"><div class=\"uagb-forms-textarea-label required uagb-forms-input-label\" id=\"5892c0fc\">Mensaje<\/div><textarea required class=\"uagb-forms-textarea-input uagb-forms-input\" rows=\"4\" placeholder=\"Enter your message\" name=\"5892c0fc\" autocomplete=\"off\"><\/textarea><\/div>\n<div class=\"uagb-forms-form-hidden-data\"><input type=\"hidden\" class=\"uagb_forms_form_label\" value=\"Spectra Form\"\/><input type=\"hidden\" class=\"uagb_forms_form_id\" value=\"uagb-form-11d3573a\"\/><\/div><div class=\"uagb-form-reacaptcha-error-11d3573a\"><\/div><div class=\"uagb-forms-main-submit-button-wrap wp-block-button\"><button class=\"uagb-forms-main-submit-button wp-block-button__link\"><div class=\"uagb-forms-main-submit-button-text\">Enviar<\/div><\/button><\/div><\/form><div class=\"uagb-forms-success-message-11d3573a uagb-forms-submit-message-hide\"><span>Su mensaje se ha enviado<\/span><\/div><div class=\"uagb-forms-failed-message-11d3573a uagb-forms-submit-message-hide\"><span>Ha ocurrido un error en el env\u00edo, intente m\u00e1s tarde<\/span><\/div><\/div>\n<\/div>\n\n\n\n<p><\/p>\n","protected":false},"excerpt":{"rendered":"<p>What We Offer Accede a \u00bfQu\u00e9 es un Plan Regulador Comunal? Es un instrumento de planificaci\u00f3n territorial que regula el \u00e1rea urbana de una comuna. Participaci\u00f3n Ciuidadana Convocatorias y resultados de las reuniones y talleres de participaci\u00f3n ciudadana. Evaluaci\u00f3n Ambiental Estrat\u00e9gica Procedimiento que incluye, de manera temprana, principios de sustentabilidad ambiental, social y econ\u00f3mica en [&hellip;]<\/p>\n","protected":false},"author":4,"featured_media":0,"parent":0,"menu_order":0,"comment_status":"closed","ping_status":"closed","template":"","meta":{"_uag_custom_page_level_css":"","site-sidebar-layout":"no-sidebar","site-content-layout":"plain-container","ast-site-content-layout":"default","site-content-style":"default","site-sidebar-style":"default","ast-global-header-display":"","ast-banner-title-visibility":"","ast-main-header-display":"","ast-hfb-above-header-display":"","ast-hfb-below-header-display":"","ast-hfb-mobile-header-display":"","site-post-title":"disabled","ast-breadcrumbs-content":"","ast-featured-img":"","footer-sml-layout":"","ast-disable-related-posts":"","theme-transparent-header-meta":"enabled","adv-header-id-meta":"","stick-header-meta":"","header-above-stick-meta":"","header-main-stick-meta":"","header-below-stick-meta":"","astra-migrate-meta-layouts":"default","ast-page-background-enabled":"default","ast-page-background-meta":{"desktop":{"background-color":"var(--ast-global-color-5)","background-image":"","background-repeat":"repeat","background-position":"center center","background-size":"auto","background-attachment":"scroll","background-type":"","background-media":"","overlay-type":"","overlay-color":"","overlay-opacity":"","overlay-gradient":""},"tablet":{"background-color":"","background-image":"","background-repeat":"repeat","background-position":"center center","background-size":"auto","background-attachment":"scroll","background-type":"","background-media":"","overlay-type":"","overlay-color":"","overlay-opacity":"","overlay-gradient":""},"mobile":{"background-color":"","background-image":"","background-repeat":"repeat","background-position":"center center","background-size":"auto","background-attachment":"scroll","background-type":"","background-media":"","overlay-type":"","overlay-color":"","overlay-opacity":"","overlay-gradient":""}},"ast-content-background-meta":{"desktop":{"background-color":"var(--ast-global-color-4)","background-image":"","background-repeat":"repeat","background-position":"center center","background-size":"auto","background-attachment":"scroll","background-type":"","background-media":"","overlay-type":"","overlay-color":"","overlay-opacity":"","overlay-gradient":""},"tablet":{"background-color":"var(--ast-global-color-4)","background-image":"","background-repeat":"repeat","background-position":"center center","background-size":"auto","background-attachment":"scroll","background-type":"","background-media":"","overlay-type":"","overlay-color":"","overlay-opacity":"","overlay-gradient":""},"mobile":{"background-color":"var(--ast-global-color-4)","background-image":"","background-repeat":"repeat","background-position":"center center","background-size":"auto","background-attachment":"scroll","background-type":"","background-media":"","overlay-type":"","overlay-color":"","overlay-opacity":"","overlay-gradient":""}},"footnotes":""},"class_list":["post-14","page","type-page","status-publish","hentry"],"yoast_head":"<!-- This site is optimized with the Yoast SEO plugin v27.1.1 - https:\/\/yoast.com\/product\/yoast-seo-wordpress\/ -->\n<title>Inicio - PRC Mulchen<\/title>\n<meta name=\"robots\" content=\"index, follow, max-snippet:-1, max-image-preview:large, max-video-preview:-1\" \/>\n<link rel=\"canonical\" href=\"https:\/\/prcmulchen.cl\/\" \/>\n<meta property=\"og:locale\" content=\"es_ES\" \/>\n<meta property=\"og:type\" content=\"article\" \/>\n<meta property=\"og:title\" content=\"Inicio - PRC Mulchen\" \/>\n<meta property=\"og:description\" content=\"What We Offer Accede a \u00bfQu\u00e9 es un Plan Regulador Comunal? Es un instrumento de planificaci\u00f3n territorial que regula el \u00e1rea urbana de una comuna. Participaci\u00f3n Ciuidadana Convocatorias y resultados de las reuniones y talleres de participaci\u00f3n ciudadana. Evaluaci\u00f3n Ambiental Estrat\u00e9gica Procedimiento que incluye, de manera temprana, principios de sustentabilidad ambiental, social y econ\u00f3mica en [&hellip;]\" \/>\n<meta property=\"og:url\" content=\"https:\/\/prcmulchen.cl\/\" \/>\n<meta property=\"og:site_name\" content=\"PRC Mulchen\" \/>\n<meta property=\"article:modified_time\" content=\"2026-03-25T16:27:58+00:00\" \/>\n<meta property=\"og:image\" content=\"https:\/\/prcmulchen.cl\/wp-content\/uploads\/2026\/03\/Diseno-sin-titulo-1-e1774384314274.png\" \/>\n\t<meta property=\"og:image:width\" content=\"1000\" \/>\n\t<meta property=\"og:image:height\" content=\"595\" \/>\n\t<meta property=\"og:image:type\" content=\"image\/png\" \/>\n<meta name=\"twitter:card\" content=\"summary_large_image\" \/>\n<meta name=\"twitter:label1\" content=\"Tiempo de lectura\" \/>\n\t<meta name=\"twitter:data1\" content=\"2 minutos\" \/>\n<script type=\"application\/ld+json\" class=\"yoast-schema-graph\">{\"@context\":\"https:\/\/schema.org\",\"@graph\":[{\"@type\":\"WebPage\",\"@id\":\"https:\/\/prcmulchen.cl\/\",\"url\":\"https:\/\/prcmulchen.cl\/\",\"name\":\"Inicio - PRC Mulchen\",\"isPartOf\":{\"@id\":\"https:\/\/prcmulchen.cl\/#website\"},\"primaryImageOfPage\":{\"@id\":\"https:\/\/prcmulchen.cl\/#primaryimage\"},\"image\":{\"@id\":\"https:\/\/prcmulchen.cl\/#primaryimage\"},\"thumbnailUrl\":\"https:\/\/prcmulchen.cl\/wp-content\/uploads\/2026\/03\/Diseno-sin-titulo-1-e1774384314274.png\",\"datePublished\":\"2026-03-24T19:39:21+00:00\",\"dateModified\":\"2026-03-25T16:27:58+00:00\",\"breadcrumb\":{\"@id\":\"https:\/\/prcmulchen.cl\/#breadcrumb\"},\"inLanguage\":\"es\",\"potentialAction\":[{\"@type\":\"ReadAction\",\"target\":[\"https:\/\/prcmulchen.cl\/\"]}]},{\"@type\":\"ImageObject\",\"inLanguage\":\"es\",\"@id\":\"https:\/\/prcmulchen.cl\/#primaryimage\",\"url\":\"https:\/\/prcmulchen.cl\/wp-content\/uploads\/2026\/03\/Diseno-sin-titulo-1-e1774384314274.png\",\"contentUrl\":\"https:\/\/prcmulchen.cl\/wp-content\/uploads\/2026\/03\/Diseno-sin-titulo-1-e1774384314274.png\",\"width\":1000,\"height\":595},{\"@type\":\"BreadcrumbList\",\"@id\":\"https:\/\/prcmulchen.cl\/#breadcrumb\",\"itemListElement\":[{\"@type\":\"ListItem\",\"position\":1,\"name\":\"Portada\",\"item\":\"https:\/\/prcmulchen.cl\/\"},{\"@type\":\"ListItem\",\"position\":2,\"name\":\"Inicio\"}]},{\"@type\":\"WebSite\",\"@id\":\"https:\/\/prcmulchen.cl\/#website\",\"url\":\"https:\/\/prcmulchen.cl\/\",\"name\":\"PRC Mulchen\",\"description\":\"\",\"publisher\":{\"@id\":\"https:\/\/prcmulchen.cl\/#organization\"},\"potentialAction\":[{\"@type\":\"SearchAction\",\"target\":{\"@type\":\"EntryPoint\",\"urlTemplate\":\"https:\/\/prcmulchen.cl\/?s={search_term_string}\"},\"query-input\":{\"@type\":\"PropertyValueSpecification\",\"valueRequired\":true,\"valueName\":\"search_term_string\"}}],\"inLanguage\":\"es\"},{\"@type\":\"Organization\",\"@id\":\"https:\/\/prcmulchen.cl\/#organization\",\"name\":\"PRC Mulchen\",\"url\":\"https:\/\/prcmulchen.cl\/\",\"logo\":{\"@type\":\"ImageObject\",\"inLanguage\":\"es\",\"@id\":\"https:\/\/prcmulchen.cl\/#\/schema\/logo\/image\/\",\"url\":\"https:\/\/prcmulchen.cl\/wp-content\/uploads\/2026\/03\/cropped-Diseno-sin-titulo.png\",\"contentUrl\":\"https:\/\/prcmulchen.cl\/wp-content\/uploads\/2026\/03\/cropped-Diseno-sin-titulo.png\",\"width\":1000,\"height\":652,\"caption\":\"PRC Mulchen\"},\"image\":{\"@id\":\"https:\/\/prcmulchen.cl\/#\/schema\/logo\/image\/\"}}]}<\/script>\n<!-- \/ Yoast SEO plugin. -->","yoast_head_json":{"title":"Inicio - PRC Mulchen","robots":{"index":"index","follow":"follow","max-snippet":"max-snippet:-1","max-image-preview":"max-image-preview:large","max-video-preview":"max-video-preview:-1"},"canonical":"https:\/\/prcmulchen.cl\/","og_locale":"es_ES","og_type":"article","og_title":"Inicio - PRC Mulchen","og_description":"What We Offer Accede a \u00bfQu\u00e9 es un Plan Regulador Comunal? Es un instrumento de planificaci\u00f3n territorial que regula el \u00e1rea urbana de una comuna. Participaci\u00f3n Ciuidadana Convocatorias y resultados de las reuniones y talleres de participaci\u00f3n ciudadana. Evaluaci\u00f3n Ambiental Estrat\u00e9gica Procedimiento que incluye, de manera temprana, principios de sustentabilidad ambiental, social y econ\u00f3mica en [&hellip;]","og_url":"https:\/\/prcmulchen.cl\/","og_site_name":"PRC Mulchen","article_modified_time":"2026-03-25T16:27:58+00:00","og_image":[{"width":1000,"height":595,"url":"https:\/\/prcmulchen.cl\/wp-content\/uploads\/2026\/03\/Diseno-sin-titulo-1-e1774384314274.png","type":"image\/png"}],"twitter_card":"summary_large_image","twitter_misc":{"Tiempo de lectura":"2 minutos"},"schema":{"@context":"https:\/\/schema.org","@graph":[{"@type":"WebPage","@id":"https:\/\/prcmulchen.cl\/","url":"https:\/\/prcmulchen.cl\/","name":"Inicio - PRC Mulchen","isPartOf":{"@id":"https:\/\/prcmulchen.cl\/#website"},"primaryImageOfPage":{"@id":"https:\/\/prcmulchen.cl\/#primaryimage"},"image":{"@id":"https:\/\/prcmulchen.cl\/#primaryimage"},"thumbnailUrl":"https:\/\/prcmulchen.cl\/wp-content\/uploads\/2026\/03\/Diseno-sin-titulo-1-e1774384314274.png","datePublished":"2026-03-24T19:39:21+00:00","dateModified":"2026-03-25T16:27:58+00:00","breadcrumb":{"@id":"https:\/\/prcmulchen.cl\/#breadcrumb"},"inLanguage":"es","potentialAction":[{"@type":"ReadAction","target":["https:\/\/prcmulchen.cl\/"]}]},{"@type":"ImageObject","inLanguage":"es","@id":"https:\/\/prcmulchen.cl\/#primaryimage","url":"https:\/\/prcmulchen.cl\/wp-content\/uploads\/2026\/03\/Diseno-sin-titulo-1-e1774384314274.png","contentUrl":"https:\/\/prcmulchen.cl\/wp-content\/uploads\/2026\/03\/Diseno-sin-titulo-1-e1774384314274.png","width":1000,"height":595},{"@type":"BreadcrumbList","@id":"https:\/\/prcmulchen.cl\/#breadcrumb","itemListElement":[{"@type":"ListItem","position":1,"name":"Portada","item":"https:\/\/prcmulchen.cl\/"},{"@type":"ListItem","position":2,"name":"Inicio"}]},{"@type":"WebSite","@id":"https:\/\/prcmulchen.cl\/#website","url":"https:\/\/prcmulchen.cl\/","name":"PRC Mulchen","description":"","publisher":{"@id":"https:\/\/prcmulchen.cl\/#organization"},"potentialAction":[{"@type":"SearchAction","target":{"@type":"EntryPoint","urlTemplate":"https:\/\/prcmulchen.cl\/?s={search_term_string}"},"query-input":{"@type":"PropertyValueSpecification","valueRequired":true,"valueName":"search_term_string"}}],"inLanguage":"es"},{"@type":"Organization","@id":"https:\/\/prcmulchen.cl\/#organization","name":"PRC Mulchen","url":"https:\/\/prcmulchen.cl\/","logo":{"@type":"ImageObject","inLanguage":"es","@id":"https:\/\/prcmulchen.cl\/#\/schema\/logo\/image\/","url":"https:\/\/prcmulchen.cl\/wp-content\/uploads\/2026\/03\/cropped-Diseno-sin-titulo.png","contentUrl":"https:\/\/prcmulchen.cl\/wp-content\/uploads\/2026\/03\/cropped-Diseno-sin-titulo.png","width":1000,"height":652,"caption":"PRC Mulchen"},"image":{"@id":"https:\/\/prcmulchen.cl\/#\/schema\/logo\/image\/"}}]}},"uagb_featured_image_src":{"full":false,"thumbnail":false,"medium":false,"medium_large":false,"large":false,"1536x1536":false,"2048x2048":false},"uagb_author_info":{"display_name":"Leonardo Vera","author_link":"https:\/\/prcmulchen.cl\/?author=4"},"uagb_comment_info":0,"uagb_excerpt":"What We Offer Accede a \u00bfQu\u00e9 es un Plan Regulador Comunal? Es un instrumento de planificaci\u00f3n territorial que regula el \u00e1rea urbana de una comuna. Participaci\u00f3n Ciuidadana Convocatorias y resultados de las reuniones y talleres de participaci\u00f3n ciudadana. Evaluaci\u00f3n Ambiental Estrat\u00e9gica Procedimiento que incluye, de manera temprana, principios de sustentabilidad ambiental, social y econ\u00f3mica en&hellip;","_links":{"self":[{"href":"https:\/\/prcmulchen.cl\/index.php?rest_route=\/wp\/v2\/pages\/14","targetHints":{"allow":["GET"]}}],"collection":[{"href":"https:\/\/prcmulchen.cl\/index.php?rest_route=\/wp\/v2\/pages"}],"about":[{"href":"https:\/\/prcmulchen.cl\/index.php?rest_route=\/wp\/v2\/types\/page"}],"author":[{"embeddable":true,"href":"https:\/\/prcmulchen.cl\/index.php?rest_route=\/wp\/v2\/users\/4"}],"replies":[{"embeddable":true,"href":"https:\/\/prcmulchen.cl\/index.php?rest_route=%2Fwp%2Fv2%2Fcomments&post=14"}],"version-history":[{"count":14,"href":"https:\/\/prcmulchen.cl\/index.php?rest_route=\/wp\/v2\/pages\/14\/revisions"}],"predecessor-version":[{"id":72,"href":"https:\/\/prcmulchen.cl\/index.php?rest_route=\/wp\/v2\/pages\/14\/revisions\/72"}],"wp:attachment":[{"href":"https:\/\/prcmulchen.cl\/index.php?rest_route=%2Fwp%2Fv2%2Fmedia&parent=14"}],"curies":[{"name":"wp","href":"https:\/\/api.w.org\/{rel}","templated":true}]}}